{"id":6820,"date":"2026-03-31T05:18:04","date_gmt":"2026-03-31T05:18:04","guid":{"rendered":"https:\/\/engineering-dev.ciu.edu.tr\/?page_id=6820"},"modified":"2026-04-09T13:16:18","modified_gmt":"2026-04-09T13:16:18","slug":"publications","status":"publish","type":"page","link":"https:\/\/eng.ciu.edu.tr\/tr\/publications\/","title":{"rendered":"Yay\u0131nlar"},"content":{"rendered":"<div data-elementor-type=\"wp-page\" data-elementor-id=\"6820\" class=\"elementor elementor-6820\">\n\t\t\t\t\t\t<section class=\"elementor-section elementor-top-section elementor-element elementor-element-f8c1e5c elementor-section-boxed elementor-section-height-default elementor-section-height-default\" data-id=\"f8c1e5c\" data-element_type=\"section\">\n\t\t\t\t\t\t<div class=\"elementor-container elementor-column-gap-default\">\n\t\t\t\t\t<div class=\"elementor-column elementor-col-100 elementor-top-column elementor-element elementor-element-a7dc052\" data-id=\"a7dc052\" data-element_type=\"column\">\n\t\t\t<div class=\"elementor-widget-wrap elementor-element-populated\">\n\t\t\t\t\t\t<div class=\"elementor-element elementor-element-b93bfd0 elementor-widget elementor-widget-shortcode\" data-id=\"b93bfd0\" data-element_type=\"widget\" data-settings=\"{&quot;ekit_we_effect_on&quot;:&quot;none&quot;}\" data-widget_type=\"shortcode.default\">\n\t\t\t\t<div class=\"elementor-widget-container\">\n\t\t\t\t\t\t\t<div class=\"elementor-shortcode\"><div class=\"ciu-publications-wrap ciu-publications-list-wrap\"><h2 class=\"ciu-publications-heading\">Yay\u0131nlar<\/h2><form class=\"ciu-publications-search-form\" method=\"get\" action=\"https:\/\/eng.ciu.edu.tr\/tr\/publications\/\" data-trp-original-action=\"https:\/\/eng.ciu.edu.tr\/tr\/publications\/\"><div class=\"ciu-publications-search-row\"><input type=\"text\" name=\"pub_search\" class=\"ciu-publications-search-input\" value=\"\" placeholder=\"Yay\u0131nlarda ara...\" \/><select name=\"from_year\" class=\"ciu-publications-year-select\"><option value=\"\">T\u00fcm Y\u0131llar<\/option><option value=\"2026\">2026 ve sonras\u0131<\/option><option value=\"2025\">2025 ve sonras\u0131<\/option><option value=\"2024\">2024 ve sonras\u0131<\/option><option value=\"2023\" selected='selected'>2023 ve sonras\u0131<\/option><\/select><button type=\"submit\" class=\"ciu-publications-search-btn\">Ara<\/button><a class=\"ciu-publications-reset-btn\" href=\"https:\/\/eng.ciu.edu.tr\/tr\/publications\/\">Temizle<\/a><\/div><input type=\"hidden\" name=\"trp-form-language\" value=\"tr\"\/><\/form><div class=\"ciu-publications-results-meta\">159 sonu\u00e7 bulundu<\/div><div class=\"ciu-publications-list\"><article class=\"ciu-publication-card\"><div class=\"ciu-publication-year\">2026<\/div><div class=\"ciu-publication-card-content\"><div class=\"ciu-publication-author\">KEYVAN BAHLOULI <span class=\"ciu-publication-author-title\">(Do\u00e7. Dr.)<\/span><\/div><div class=\"ciu-publication-description\">G\u00fcne\u015f enerjisine dayal\u0131 bir organik Rankine \u00e7evriminin hibrit bir mikro \u015febekede \u00e7al\u0131\u015fma ak\u0131\u015fkan\u0131 se\u00e7imi i\u00e7in dinamik sim\u00fclasyonu: konuma dayal\u0131 bir performans de\u011ferlendirmesi<\/div><div class=\"ciu-publication-type\">Uluslararas\u0131 hakemli dergilerde yay\u0131nlanan makaleler (SCI,SSCI,Arts and Humanities)<\/div><\/div><\/article><article class=\"ciu-publication-card\"><div class=\"ciu-publication-year\">2025<\/div><div class=\"ciu-publication-card-content\"><div class=\"ciu-publication-author\">BERKE EYYAMO\u011eLU <span class=\"ciu-publication-author-title\">(Ar\u015f. G\u00f6r.)<\/span><\/div><div class=\"ciu-publication-description\">Nano-g\u00f6zenekli yap\u0131larla lityum-iyon pillerde termal ka\u00e7ak \u00f6nlenmesi: Kritik bir derleme<\/div><div class=\"ciu-publication-type\">Uluslararas\u0131 hakemli dergilerde yay\u0131nlanan makaleler (SCI,SSCI,Arts and Humanities)<\/div><\/div><\/article><article class=\"ciu-publication-card\"><div class=\"ciu-publication-year\">2025<\/div><div class=\"ciu-publication-card-content\"><div class=\"ciu-publication-author\">MUSTAFA DA\u011eBA\u015eI <span class=\"ciu-publication-author-title\">(Prof. Dr.)<\/span><\/div><div class=\"ciu-publication-description\">Optimize edilmi\u015f nanofluid so\u011futucular, otomotiv radyat\u00f6rlerindeki dalgal\u0131 kanat\u00e7\u0131klarda termal performans\u0131 art\u0131r\u0131r.<\/div><div class=\"ciu-publication-type\">Uluslararas\u0131 hakemli dergilerde yay\u0131nlanan makaleler (SCI,SSCI,Arts and Humanities)<\/div><\/div><\/article><article class=\"ciu-publication-card\"><div class=\"ciu-publication-year\">2025<\/div><div class=\"ciu-publication-card-content\"><div class=\"ciu-publication-author\">MUSTAFA DA\u011eBA\u015eI <span class=\"ciu-publication-author-title\">(Prof. Dr.)<\/span><\/div><div class=\"ciu-publication-description\">Binalarda enerji verimlili\u011fi stratejilerinin etkilerini dengelemek i\u00e7in \u00e7ok a\u015famal\u0131, \u00e7ok ama\u00e7l\u0131 bir optimizasyon y\u00f6ntemi.<\/div><div class=\"ciu-publication-type\">Uluslararas\u0131 hakemli dergilerde yay\u0131nlanan makaleler (SCI,SSCI,Arts and Humanities)<\/div><\/div><\/article><article class=\"ciu-publication-card\"><div class=\"ciu-publication-year\">2025<\/div><div class=\"ciu-publication-card-content\"><div class=\"ciu-publication-author\">EMRE \u00d6ZB\u0130LGE <span class=\"ciu-publication-author-title\">(Do\u00e7. Dr.)<\/span><\/div><div class=\"ciu-publication-description\">Genetik Algoritma ile Lezyon Segmentasyonu i\u00e7in U-Net Tabanl\u0131 Modellerin Birle\u015ftirilmesi<\/div><div class=\"ciu-publication-type\">Uluslararas\u0131 bilimsel toplant\u0131larda sunulan ve bildiri kitab\u0131nda bas\u0131lan bildiriler<\/div><\/div><\/article><article class=\"ciu-publication-card\"><div class=\"ciu-publication-year\">2025<\/div><div class=\"ciu-publication-card-content\"><div class=\"ciu-publication-author\">EMRE \u00d6ZB\u0130LGE <span class=\"ciu-publication-author-title\">(Do\u00e7. Dr.)<\/span><\/div><div class=\"ciu-publication-description\">YOLOv8 \u0130lgi Alan\u0131 \u00d6n \u0130\u015fleme ve \u00d6nceden E\u011fitilmi\u015f Evri\u015fimli Sinir A\u011flar\u0131 Kullanarak 2D G\u00f6r\u00fcnt\u00fclerle Keratokonus Tespiti<\/div><div class=\"ciu-publication-type\">Uluslararas\u0131 di\u011fer hakemli dergilerde yay\u0131nlanan makaleler<\/div><\/div><\/article><article class=\"ciu-publication-card\"><div class=\"ciu-publication-year\">2025<\/div><div class=\"ciu-publication-card-content\"><div class=\"ciu-publication-author\">EMRE \u00d6ZB\u0130LGE <span class=\"ciu-publication-author-title\">(Do\u00e7. Dr.)<\/span><\/div><div class=\"ciu-publication-description\">Neutrosophic ile G\u00fc\u00e7lendirilmi\u015f, RBF Tabanl\u0131 ConvNeXt ve Klasik CNN Modellerinden Olu\u015fan Y\u0131\u011f\u0131lm\u0131\u015f Ensemble Kullanarak Sa\u011flam Bitki Hastal\u0131\u011f\u0131 Tan\u0131ma<\/div><div class=\"ciu-publication-type\">Uluslararas\u0131 di\u011fer hakemli dergilerde yay\u0131nlanan makaleler<\/div><\/div><\/article><article class=\"ciu-publication-card\"><div class=\"ciu-publication-year\">2025<\/div><div class=\"ciu-publication-card-content\"><div class=\"ciu-publication-author\">EMRE \u00d6ZB\u0130LGE <span class=\"ciu-publication-author-title\">(Do\u00e7. Dr.)<\/span><\/div><div class=\"ciu-publication-description\">\u00c7e\u015fitli sonlu a\u011f\u0131rl\u0131kl\u0131 uzant\u0131lar kullan\u0131larak temel etkile\u015fim toplama operat\u00f6rlerine iletilen logaritmik n\u00f6trosofik mant\u0131k<\/div><div class=\"ciu-publication-type\">Uluslararas\u0131 di\u011fer hakemli dergilerde yay\u0131nlanan makaleler<\/div><\/div><\/article><article class=\"ciu-publication-card\"><div class=\"ciu-publication-year\">2025<\/div><div class=\"ciu-publication-card-content\"><div class=\"ciu-publication-author\">EMRE \u00d6ZB\u0130LGE <span class=\"ciu-publication-author-title\">(Do\u00e7. Dr.)<\/span><\/div><div class=\"ciu-publication-description\">Sosyal Medya Geri Bildirim De\u011ferlendirmesi ile E\u011fitim Ortamlar\u0131n\u0131n Geli\u015ftirilmesi Hibrit N\u00f6trosofik Karar Optimizasyonu (HNDO) ve N\u00f6trosofik Duygu Birle\u015ftirme (NSF) Kullan\u0131m\u0131<\/div><div class=\"ciu-publication-type\">Uluslararas\u0131 di\u011fer hakemli dergilerde yay\u0131nlanan makaleler<\/div><\/div><\/article><article class=\"ciu-publication-card\"><div class=\"ciu-publication-year\">2025<\/div><div class=\"ciu-publication-card-content\"><div class=\"ciu-publication-author\">RANA KIDAK <span class=\"ciu-publication-author-title\">(Prof. Dr.)<\/span><\/div><div class=\"ciu-publication-description\">Pithopora Makroalglerinin Reaktif Amoksisilin Antibiyoti\u011finin Biyosorpsiyonu \u00fczerine termodinamik modelleme \u00e7al\u0131\u015fmalar\u0131<\/div><div class=\"ciu-publication-type\">Uluslararas\u0131 di\u011fer hakemli dergilerde yay\u0131nlanan makaleler<\/div><\/div><\/article><article class=\"ciu-publication-card\"><div class=\"ciu-publication-year\">2025<\/div><div class=\"ciu-publication-card-content\"><div class=\"ciu-publication-author\">RANA KIDAK <span class=\"ciu-publication-author-title\">(Prof. Dr.)<\/span><\/div><div class=\"ciu-publication-description\">Remazol parlak mavi reaktif giderimi i\u00e7in ultrason destekli nanofiltrasyon: pH&#039;\u0131n etkinlik ve yan \u00fcr\u00fcn olu\u015fumundaki rol\u00fcn\u00fcn a\u00e7\u0131klanmas\u0131<\/div><div class=\"ciu-publication-type\">Uluslararas\u0131 hakemli dergilerde yay\u0131nlanan makaleler (SCI,SSCI,Arts and Humanities)<\/div><\/div><\/article><article class=\"ciu-publication-card\"><div class=\"ciu-publication-year\">2025<\/div><div class=\"ciu-publication-card-content\"><div class=\"ciu-publication-author\">RANA KIDAK <span class=\"ciu-publication-author-title\">(Prof. Dr.)<\/span><\/div><div class=\"ciu-publication-description\">Ultrasonik \u00f6n i\u015flem yoluyla biyogaz \u00fcretiminin art\u0131r\u0131lmas\u0131: Son durum ve inceleme<\/div><div class=\"ciu-publication-type\">Uluslararas\u0131 di\u011fer hakemli dergilerde yay\u0131nlanan makaleler<\/div><\/div><\/article><article class=\"ciu-publication-card\"><div class=\"ciu-publication-year\">2025<\/div><div class=\"ciu-publication-card-content\"><div class=\"ciu-publication-author\">RANA KIDAK <span class=\"ciu-publication-author-title\">(Prof. Dr.)<\/span><\/div><div class=\"ciu-publication-description\">Murad Khamayseh, Rana K\u0131dak ,\u201cThermodynamic Modelling Studies on Biosorption of Reactive Amoxicillin Antibiotic by Pithophora Macroalgae in Aqueous Solution\u201d  Nature Environment and Pollution Technology.  Vol. 24, No. 2 (June 2025).<\/div><div class=\"ciu-publication-type\">Uluslararas\u0131 hakemli dergilerde yay\u0131nlanan makaleler (SCI,SSCI,Arts and Humanities)<\/div><\/div><\/article><article class=\"ciu-publication-card\"><div class=\"ciu-publication-year\">2025<\/div><div class=\"ciu-publication-card-content\"><div class=\"ciu-publication-author\">DO\u011eU\u015e H\u00dcRDO\u011eANO\u011eLU <span class=\"ciu-publication-author-title\">(Yrd. Do\u00e7. Dr.)<\/span><\/div><div class=\"ciu-publication-description\">A comprehensive review on atomic layer deposition on key components in fuel cells<\/div><div class=\"ciu-publication-type\">Uluslararas\u0131 hakemli dergilerde yay\u0131nlanan makaleler (SCI,SSCI,Arts and Humanities)<\/div><\/div><\/article><article class=\"ciu-publication-card\"><div class=\"ciu-publication-year\">2025<\/div><div class=\"ciu-publication-card-content\"><div class=\"ciu-publication-author\">DO\u011eU\u015e H\u00dcRDO\u011eANO\u011eLU <span class=\"ciu-publication-author-title\">(Yrd. Do\u00e7. Dr.)<\/span><\/div><div class=\"ciu-publication-description\">Preventing thermal runaway in lithium-ion batteries with nano-porous structures: A critical review<\/div><div class=\"ciu-publication-type\">Uluslararas\u0131 hakemli dergilerde yay\u0131nlanan makaleler (SCI,SSCI,Arts and Humanities)<\/div><\/div><\/article><article class=\"ciu-publication-card\"><div class=\"ciu-publication-year\">2025<\/div><div class=\"ciu-publication-card-content\"><div class=\"ciu-publication-author\">TAH\u0130R \u00c7EL\u0130K <span class=\"ciu-publication-author-title\">(Prof. Dr.)<\/span><\/div><div class=\"ciu-publication-description\">Agwa, T. C., &amp; Celik, T. (2025). From Barriers to Breakthroughs: A Deep Dive into BIM Integration Challenges. Buildings, 15(7), 1116.<\/div><div class=\"ciu-publication-type\">Uluslararas\u0131 hakemli dergilerde yay\u0131nlanan makaleler (SCI,SSCI,Arts and Humanities)<\/div><\/div><\/article><article class=\"ciu-publication-card\"><div class=\"ciu-publication-year\">2025<\/div><div class=\"ciu-publication-card-content\"><div class=\"ciu-publication-author\">TAH\u0130R \u00c7EL\u0130K <span class=\"ciu-publication-author-title\">(Prof. Dr.)<\/span><\/div><div class=\"ciu-publication-description\">Abdullah, Z. O., \u00c7elik, T., &amp; \u00c7elik, T. (2025). Proposing an Affordable Real-Time Camera-Based Safety and Quality Management Framework for Construction Industries in Developing Countries. Buildings, 15(2), 156.<\/div><div class=\"ciu-publication-type\">Uluslararas\u0131 hakemli dergilerde yay\u0131nlanan makaleler (SCI,SSCI,Arts and Humanities)<\/div><\/div><\/article><article class=\"ciu-publication-card\"><div class=\"ciu-publication-year\">2025<\/div><div class=\"ciu-publication-card-content\"><div class=\"ciu-publication-author\">AL\u0130 SHEFIK <span class=\"ciu-publication-author-title\">(Yrd. Do\u00e7. Dr.)<\/span><\/div><div class=\"ciu-publication-description\">Nano-g\u00f6zenekli yap\u0131larla lityum-iyon pillerde termal ka\u00e7ak \u00f6nlenmesi: Kritik bir derleme<\/div><div class=\"ciu-publication-type\">Uluslararas\u0131 hakemli dergilerde yay\u0131nlanan makaleler (SCI,SSCI,Arts and Humanities)<\/div><\/div><\/article><article class=\"ciu-publication-card\"><div class=\"ciu-publication-year\">2025<\/div><div class=\"ciu-publication-card-content\"><div class=\"ciu-publication-author\">AL\u0130 SHEFIK <span class=\"ciu-publication-author-title\">(Yrd. Do\u00e7. Dr.)<\/span><\/div><div class=\"ciu-publication-description\">Ye\u015fil Sentetik Fe-Cu-Fe\u2082O\u2083 Nanopar\u00e7ac\u0131klar\u0131 \u0130\u00e7eren Su ve Etilen Glikol Tabanl\u0131 \u00dc\u00e7l\u00fc Hibrit Nanofluitlerin Kullan\u0131m\u0131yla HVAC Sisteminin Performans Art\u0131r\u0131m\u0131<\/div><div class=\"ciu-publication-type\">Uluslararas\u0131 hakemli dergilerde yay\u0131nlanan makaleler (SCI,SSCI,Arts and Humanities)<\/div><\/div><\/article><article class=\"ciu-publication-card\"><div class=\"ciu-publication-year\">2025<\/div><div class=\"ciu-publication-card-content\"><div class=\"ciu-publication-author\">NEYRE TEKBIYIK ERSOY <span class=\"ciu-publication-author-title\">(Yrd. Do\u00e7. Dr.)<\/span><\/div><div class=\"ciu-publication-description\">Tekb\u0131y\u0131k-Ersoy, Neyre. &quot;Analysis of Sectoral Energy Consumption in Top Countries with Smart Cities.&quot; In 2025 6th International Conference on Clean and Green Energy Engineering (CGEE), pp. 147-152. IEEE, 2025.<\/div><div class=\"ciu-publication-type\">Uluslararas\u0131 bilimsel toplant\u0131larda sunulan ve bildiri kitab\u0131nda bas\u0131lan bildiriler<\/div><\/div><\/article><\/div><nav class=\"ciu-publications-pagination\" aria-label=\"Sayfalama\"><a class=\"ciu-publications-page-link active\" href=\"https:\/\/eng.ciu.edu.tr\/tr\/publications\/?from_year=2023\">1<\/a><a class=\"ciu-publications-page-link\" href=\"https:\/\/eng.ciu.edu.tr\/tr\/publications\/?pub_page=2&#038;from_year=2023\">2<\/a><span class=\"ciu-publications-page-dots\">\u2026<\/span><a class=\"ciu-publications-page-link\" href=\"https:\/\/eng.ciu.edu.tr\/tr\/publications\/?pub_page=8&#038;from_year=2023\">8<\/a><a class=\"ciu-publications-page-link ciu-publications-page-next\" href=\"https:\/\/eng.ciu.edu.tr\/tr\/publications\/?pub_page=2&#038;from_year=2023\">Sonraki<\/a><\/nav><\/div><\/div>\n\t\t\t\t\t\t<\/div>\n\t\t\t\t<\/div>\n\t\t\t\t\t<\/div>\n\t\t<\/div>\n\t\t\t\t\t<\/div>\n\t\t<\/section>\n\t\t\t\t<\/div>","protected":false},"excerpt":{"rendered":"","protected":false},"author":1,"featured_media":0,"parent":0,"menu_order":0,"comment_status":"closed","ping_status":"closed","template":"","meta":{"_acf_changed":false,"footnotes":""},"faculty":[],"class_list":["post-6820","page","type-page","status-publish","hentry"],"acf":[],"_links":{"self":[{"href":"https:\/\/eng.ciu.edu.tr\/tr\/wp-json\/wp\/v2\/pages\/6820","targetHints":{"allow":["GET"]}}],"collection":[{"href":"https:\/\/eng.ciu.edu.tr\/tr\/wp-json\/wp\/v2\/pages"}],"about":[{"href":"https:\/\/eng.ciu.edu.tr\/tr\/wp-json\/wp\/v2\/types\/page"}],"author":[{"embeddable":true,"href":"https:\/\/eng.ciu.edu.tr\/tr\/wp-json\/wp\/v2\/users\/1"}],"replies":[{"embeddable":true,"href":"https:\/\/eng.ciu.edu.tr\/tr\/wp-json\/wp\/v2\/comments?post=6820"}],"version-history":[{"count":20,"href":"https:\/\/eng.ciu.edu.tr\/tr\/wp-json\/wp\/v2\/pages\/6820\/revisions"}],"predecessor-version":[{"id":7426,"href":"https:\/\/eng.ciu.edu.tr\/tr\/wp-json\/wp\/v2\/pages\/6820\/revisions\/7426"}],"wp:attachment":[{"href":"https:\/\/eng.ciu.edu.tr\/tr\/wp-json\/wp\/v2\/media?parent=6820"}],"wp:term":[{"taxonomy":"faculty","embeddable":true,"href":"https:\/\/eng.ciu.edu.tr\/tr\/wp-json\/wp\/v2\/faculty?post=6820"}],"curies":[{"name":"wp","href":"https:\/\/api.w.org\/{rel}","templated":true}]}}