{"id":6488,"date":"2026-03-19T07:11:20","date_gmt":"2026-03-19T07:11:20","guid":{"rendered":"https:\/\/engineering-dev.ciu.edu.tr\/?page_id=6488"},"modified":"2026-04-10T06:52:31","modified_gmt":"2026-04-10T06:52:31","slug":"research","status":"publish","type":"page","link":"https:\/\/eng.ciu.edu.tr\/tr\/research\/","title":{"rendered":"Ara\u015ft\u0131rma"},"content":{"rendered":"<div data-elementor-type=\"wp-page\" data-elementor-id=\"6488\" class=\"elementor elementor-6488\">\n\t\t\t\t\t\t<section class=\"elementor-section elementor-top-section elementor-element elementor-element-4ca75418 elementor-section-boxed elementor-section-height-default elementor-section-height-default\" data-id=\"4ca75418\" data-element_type=\"section\">\n\t\t\t\t\t\t<div class=\"elementor-container elementor-column-gap-default\">\n\t\t\t\t\t<div class=\"elementor-column elementor-col-100 elementor-top-column elementor-element elementor-element-1d2e3f9\" data-id=\"1d2e3f9\" data-element_type=\"column\">\n\t\t\t<div class=\"elementor-widget-wrap elementor-element-populated\">\n\t\t\t\t\t\t<div class=\"elementor-element elementor-element-46604ee elementor-widget elementor-widget-heading\" data-id=\"46604ee\" data-element_type=\"widget\" data-settings=\"{&quot;ekit_we_effect_on&quot;:&quot;none&quot;}\" data-widget_type=\"heading.default\">\n\t\t\t\t<div class=\"elementor-widget-container\">\n\t\t\t\t\t<h1 class=\"elementor-heading-title elementor-size-default\">Ara\u015ft\u0131rma<\/h1>\t\t\t\t<\/div>\n\t\t\t\t<\/div>\n\t\t\t\t<div class=\"elementor-element elementor-element-3617cfb1 elementor-widget elementor-widget-text-editor\" data-id=\"3617cfb1\" data-element_type=\"widget\" data-settings=\"{&quot;ekit_we_effect_on&quot;:&quot;none&quot;}\" data-widget_type=\"text-editor.default\">\n\t\t\t\t<div class=\"elementor-widget-container\">\n\t\t\t\t\t\t\t\t\t<p>M\u00fchendislik Fak\u00fcltesindeki ara\u015ft\u0131rma faaliyetleri, ger\u00e7ek ya\u015fam\u0131n ortaya koydu\u011fu gereksinim ve sorunlardan beslenmekte; b\u00f6l\u00fcmlerimiz, ara\u015ft\u0131rma laboratuvarlar\u0131m\u0131z ve sanayi payda\u015flar\u0131m\u0131z aras\u0131ndaki g\u00fc\u00e7l\u00fc i\u015f birli\u011fiyle \u015fekillenmektedir. Akademik personelimiz ve \u00f6\u011frencilerimiz; dijital teknolojiler, ak\u0131ll\u0131 sistemler, s\u00fcrd\u00fcr\u00fclebilir enerji, ileri imalat, dayan\u0131kl\u0131 altyap\u0131 ve yeni nesil sa\u011fl\u0131k \u00e7\u00f6z\u00fcmlerinin geli\u015fimine katk\u0131 sa\u011flayan uygulamal\u0131 ve temel ara\u015ft\u0131rmalar y\u00fcr\u00fctmektedir. Yapay zek\u00e2 destekli enerji sistemleri, ak\u0131ll\u0131 \u00fcretim, biyomedikal veri analiti\u011fi ve ak\u0131ll\u0131 \u015fehir uygulamalar\u0131 gibi, bili\u015fim ile m\u00fchendislik uygulamalar\u0131n\u0131 bir araya getiren disiplinler aras\u0131 \u00e7al\u0131\u015fmalar\u0131 etkin bi\u00e7imde te\u015fvik ederken; temel m\u00fchendislik yetkinliklerini g\u00fc\u00e7lendiren alana \u00f6zg\u00fc ara\u015ft\u0131rmalar\u0131 da desteklemekteyiz. M\u00fchendislik Fak\u00fcltesi b\u00fcnyesindeki farkl\u0131 b\u00f6l\u00fcmler i\u00e7in ba\u015fl\u0131ca ara\u015ft\u0131rma alanlar\u0131 a\u015fa\u011f\u0131daki gibidir:<\/p><p><!-- \/wp:paragraph --><\/p>\t\t\t\t\t\t\t\t<\/div>\n\t\t\t\t<\/div>\n\t\t\t\t\t<\/div>\n\t\t<\/div>\n\t\t\t\t\t<\/div>\n\t\t<\/section>\n\t\t\t\t<section class=\"elementor-section elementor-top-section elementor-element elementor-element-14dc5a2 elementor-section-boxed elementor-section-height-default elementor-section-height-default\" data-id=\"14dc5a2\" data-element_type=\"section\">\n\t\t\t\t\t\t<div class=\"elementor-container elementor-column-gap-default\">\n\t\t\t\t\t<div class=\"elementor-column elementor-col-100 elementor-top-column elementor-element elementor-element-0669cab\" data-id=\"0669cab\" data-element_type=\"column\">\n\t\t\t<div class=\"elementor-widget-wrap elementor-element-populated\">\n\t\t\t\t\t\t<div class=\"elementor-element elementor-element-c78049b elementor-widget elementor-widget-text-editor\" data-id=\"c78049b\" data-element_type=\"widget\" data-settings=\"{&quot;ekit_we_effect_on&quot;:&quot;none&quot;}\" data-widget_type=\"text-editor.default\">\n\t\t\t\t<div class=\"elementor-widget-container\">\n\t\t\t\t\t\t\t\t\t<h4>1. Bilgisayar M\u00fchendisli\u011fi<\/h4>\n<ul>\n \t<li>Yapay Zek\u00e2 ve Makine \u00d6\u011frenmesi (denetimli\/denetimsiz\/derin \u00f6\u011frenme).<\/li>\n \t<li>Veri Bilimi, B\u00fcy\u00fck Veri Analiti\u011fi ve Veri M\u00fchendisli\u011fi.<\/li>\n \t<li>Bilgisayarla G\u00f6rme ve G\u00f6r\u00fcnt\u00fc\/Video Analizi.<\/li>\n \t<li>Do\u011fal Dil \u0130\u015fleme ve Diyalogsal Yapay Zek\u00e2.<\/li>\n \t<li>Siber G\u00fcvenlik, Mahremiyet ve Dijital Adli Bili\u015fim.<\/li>\n \t<li>Yaz\u0131l\u0131m M\u00fchendisli\u011fi (yaz\u0131l\u0131m mimarisi, DevOps, test, kalite g\u00fcvencesi).<\/li>\n \t<li>Bulut Bili\u015fim, Da\u011f\u0131t\u0131k Sistemler ve U\u00e7 Bili\u015fim (Edge Computing).<\/li>\n \t<li>Nesnelerin \u0130nterneti (IoT) Platformlar\u0131 ve Ak\u0131ll\u0131 Uygulamalar.<\/li>\n \t<li>\u0130nsan\u2013Bilgisayar Etkile\u015fimi (HCI), AR\/VR ve Etkile\u015fimli Sistemler.<\/li>\n \t<li>Ak\u0131ll\u0131 Karar Destek Sistemleri ve Optimizasyon.<\/li>\n<\/ul>\t\t\t\t\t\t\t\t<\/div>\n\t\t\t\t<\/div>\n\t\t\t\t\t<\/div>\n\t\t<\/div>\n\t\t\t\t\t<\/div>\n\t\t<\/section>\n\t\t\t\t<section class=\"elementor-section elementor-top-section elementor-element elementor-element-68745b2 elementor-section-boxed elementor-section-height-default elementor-section-height-default\" data-id=\"68745b2\" data-element_type=\"section\">\n\t\t\t\t\t\t<div class=\"elementor-container elementor-column-gap-default\">\n\t\t\t\t\t<div class=\"elementor-column elementor-col-100 elementor-top-column elementor-element elementor-element-4349a48\" data-id=\"4349a48\" data-element_type=\"column\">\n\t\t\t<div class=\"elementor-widget-wrap elementor-element-populated\">\n\t\t\t\t\t\t<div class=\"elementor-element elementor-element-855c494 elementor-widget elementor-widget-text-editor\" data-id=\"855c494\" data-element_type=\"widget\" data-settings=\"{&quot;ekit_we_effect_on&quot;:&quot;none&quot;}\" data-widget_type=\"text-editor.default\">\n\t\t\t\t<div class=\"elementor-widget-container\">\n\t\t\t\t\t\t\t\t\t<h4>2. Elektrik ve Elektronik M\u00fchendisli\u011fi<\/h4>\n<ul>\n \t<li>G\u00fc\u00e7 Sistemleri, Ak\u0131ll\u0131 \u015eebekeler ve G\u00fc\u00e7 Kalitesi.<\/li>\n \t<li>Yenilenebilir Enerji Sistemleri (g\u00fcne\u015f\/r\u00fczg\u00e2r), mikro\u015febekeler ve enerji depolama.<\/li>\n \t<li>G\u00fc\u00e7 Elektroni\u011fi ve Elektrik Tahrik Sistemleri.<\/li>\n \t<li>Kontrol Sistemleri, Otomasyon ve End\u00fcstriyel \u00d6l\u00e7me\/Enstr\u00fcmantasyon.<\/li>\n \t<li>Robotik, Mekatronik Tasar\u0131m ve Otonom Sistemler.<\/li>\n \t<li>G\u00f6m\u00fcl\u00fc Sistemler, Mikrodenetleyiciler ve Ger\u00e7ek Zamanl\u0131 Sistemler.<\/li>\n \t<li>Sens\u00f6rler, Akt\u00fcat\u00f6rler ve \u00d6l\u00e7me\/Enstr\u00fcmantasyon.<\/li>\n \t<li>Sinyal \u0130\u015fleme ve Ak\u0131ll\u0131 Tan\u0131lama\/Te\u015fhis Y\u00f6ntemleri.<\/li>\n \t<li>Haberle\u015fme Sistemleri ve Kablosuz A\u011flar.<\/li>\n<\/ul>\t\t\t\t\t\t\t\t<\/div>\n\t\t\t\t<\/div>\n\t\t\t\t\t<\/div>\n\t\t<\/div>\n\t\t\t\t\t<\/div>\n\t\t<\/section>\n\t\t\t\t<section class=\"elementor-section elementor-top-section elementor-element elementor-element-d99fb30 elementor-section-boxed elementor-section-height-default elementor-section-height-default\" data-id=\"d99fb30\" data-element_type=\"section\">\n\t\t\t\t\t\t<div class=\"elementor-container elementor-column-gap-default\">\n\t\t\t\t\t<div class=\"elementor-column elementor-col-100 elementor-top-column elementor-element elementor-element-0434dec\" data-id=\"0434dec\" data-element_type=\"column\">\n\t\t\t<div class=\"elementor-widget-wrap elementor-element-populated\">\n\t\t\t\t\t\t<div class=\"elementor-element elementor-element-2d023ab elementor-widget elementor-widget-text-editor\" data-id=\"2d023ab\" data-element_type=\"widget\" data-settings=\"{&quot;ekit_we_effect_on&quot;:&quot;none&quot;}\" data-widget_type=\"text-editor.default\">\n\t\t\t\t<div class=\"elementor-widget-container\">\n\t\t\t\t\t\t\t\t\t<h4>3. Biyomedikal M\u00fchendisli\u011fi<\/h4>\n<ul>\n \t<li>Biyomedikal Sinyal \u0130\u015fleme (EKG\/EEG\/EMG) ve fizyolojik izleme.<\/li>\n \t<li>T\u0131bbi G\u00f6r\u00fcnt\u00fcleme ve G\u00f6r\u00fcnt\u00fc Analizi (Yapay zek\u00e2 destekli tan\u0131).<\/li>\n \t<li>Biyomalzemeler ve Doku M\u00fchendisli\u011fi.<\/li>\n \t<li>Biyomekanik, Rehabilitasyon M\u00fchendisli\u011fi ve Yard\u0131mc\u0131 Teknolojiler.<\/li>\n \t<li>Klinik M\u00fchendisli\u011fi, T\u0131bbi Cihazlar ve G\u00fcvenlik\/Standartlar.<\/li>\n \t<li>Biyoinformatik, Hesaplamal\u0131 Biyoloji ve Omik Veri Analiti\u011fi.<\/li>\n \t<li>Biyosens\u00f6rler, Lab-on-a-Chip ve Bak\u0131m Noktas\u0131 (Point-of-Care) Teknolojileri.<\/li>\n \t<li>Sa\u011fl\u0131kta Yapay Zek\u00e2, Karar Destek ve Dijital Sa\u011fl\u0131k Sistemleri.<\/li>\n \t<li>\u0130nsan Fizyolojisinin Modellemesi ve Ki\u015fiselle\u015ftirilmi\u015f T\u0131p Teknolojileri.<\/li>\n<\/ul>\t\t\t\t\t\t\t\t<\/div>\n\t\t\t\t<\/div>\n\t\t\t\t\t<\/div>\n\t\t<\/div>\n\t\t\t\t\t<\/div>\n\t\t<\/section>\n\t\t\t\t<section class=\"elementor-section elementor-top-section elementor-element elementor-element-c66348d elementor-section-boxed elementor-section-height-default elementor-section-height-default\" data-id=\"c66348d\" data-element_type=\"section\">\n\t\t\t\t\t\t<div class=\"elementor-container elementor-column-gap-default\">\n\t\t\t\t\t<div class=\"elementor-column elementor-col-100 elementor-top-column elementor-element elementor-element-4036406\" data-id=\"4036406\" data-element_type=\"column\">\n\t\t\t<div class=\"elementor-widget-wrap elementor-element-populated\">\n\t\t\t\t\t\t<div class=\"elementor-element elementor-element-c036088 elementor-widget elementor-widget-text-editor\" data-id=\"c036088\" data-element_type=\"widget\" data-settings=\"{&quot;ekit_we_effect_on&quot;:&quot;none&quot;}\" data-widget_type=\"text-editor.default\">\n\t\t\t\t<div class=\"elementor-widget-container\">\n\t\t\t\t\t\t\t\t\t<h4>4. Makine M\u00fchendisli\u011fi<\/h4>\n<ul>\n \t<li>Termo-ak\u0131\u015fkan Bilimleri (\u0131s\u0131 transferi, HAD\/CFD, t\u00fcrb\u00fclans, \u00e7ok fazl\u0131 ak\u0131\u015flar).<\/li>\n \t<li>Enerji Sistemleri ve S\u00fcrd\u00fcr\u00fclebilirlik (verimlilik, kojenerasyon\/CHP, yenilenebilir entegrasyonu).<\/li>\n \t<li>\u0130leri \u0130malat ve CAD\/CAM (katmanl\u0131 imalat, tala\u015fl\u0131 imalat).<\/li>\n \t<li>Malzeme M\u00fchendisli\u011fi ve Hasar Analizi (yorulma, korozyon, kompozitler).<\/li>\n \t<li>Mekatronik\/Mekanizmalar, Dinamik ve Titre\u015fim.<\/li>\n \t<li>End\u00fcstri M\u00fchendisli\u011fi ve Y\u00f6neylem Ara\u015ft\u0131rmas\u0131 (optimizasyon, \u00e7izelgeleme, lojistik).<\/li>\n \t<li>Kalite M\u00fchendisli\u011fi, Yal\u0131n Sistemler ve Alt\u0131 Sigma Uygulamalar\u0131.<\/li>\n \t<li>Petrol ve Do\u011fal Gaz M\u00fchendisli\u011fi (rezervuar m\u00fchendisli\u011fi, sondaj, \u00fcretim).<\/li>\n \t<li>Ak\u0131\u015f G\u00fcvencesi, Boru Hatt\u0131 M\u00fchendisli\u011fi ve Proses G\u00fcvenli\u011fi.<\/li>\n \t<li>Bak\u0131m M\u00fchendisli\u011fi, G\u00fcvenilirlik ve Varl\u0131k Y\u00f6netimi.<\/li>\n<\/ul>\t\t\t\t\t\t\t\t<\/div>\n\t\t\t\t<\/div>\n\t\t\t\t\t<\/div>\n\t\t<\/div>\n\t\t\t\t\t<\/div>\n\t\t<\/section>\n\t\t\t\t<section class=\"elementor-section elementor-top-section elementor-element elementor-element-5a4f4b9 elementor-section-boxed elementor-section-height-default elementor-section-height-default\" data-id=\"5a4f4b9\" data-element_type=\"section\">\n\t\t\t\t\t\t<div class=\"elementor-container elementor-column-gap-default\">\n\t\t\t\t\t<div class=\"elementor-column elementor-col-100 elementor-top-column elementor-element elementor-element-dbe4b4a\" data-id=\"dbe4b4a\" data-element_type=\"column\">\n\t\t\t<div class=\"elementor-widget-wrap elementor-element-populated\">\n\t\t\t\t\t\t<div class=\"elementor-element elementor-element-beb8e59 elementor-widget elementor-widget-text-editor\" data-id=\"beb8e59\" data-element_type=\"widget\" data-settings=\"{&quot;ekit_we_effect_on&quot;:&quot;none&quot;}\" data-widget_type=\"text-editor.default\">\n\t\t\t\t<div class=\"elementor-widget-container\">\n\t\t\t\t\t\t\t\t\t<h5>5. \u0130n\u015faat M\u00fchendisli\u011fi<\/h5>\n<ul>\n \t<li>Yap\u0131 M\u00fchendisli\u011fi ve Deprem\/Sismik Tasar\u0131m.<\/li>\n \t<li>Geoteknik M\u00fchendisli\u011fi ve Zemin\u2013Yap\u0131 Etkile\u015fimi.<\/li>\n \t<li>Ula\u015ft\u0131rma M\u00fchendisli\u011fi ve Kaplama\/Yol Malzemeleri.<\/li>\n \t<li>Yap\u0131m M\u00fchendisli\u011fi ve Proje Y\u00f6netimi (BIM, maliyet\/zaman\/risk).<\/li>\n \t<li>Su Kaynaklar\u0131 M\u00fchendisli\u011fi ve Hidroloji (ta\u015fk\u0131nlar, havza modelleme).<\/li>\n \t<li>\u00c7evre M\u00fchendisli\u011fi (i\u00e7me suyu\/at\u0131ksu ar\u0131t\u0131m\u0131, hava kalitesi).<\/li>\n \t<li>S\u00fcrd\u00fcr\u00fclebilir ve Ye\u015fil Altyap\u0131 (YDD\/LCA, in\u015faatta d\u00f6ng\u00fcsel ekonomi).<\/li>\n \t<li>K\u0131y\u0131\/Deniz M\u00fchendisli\u011fi ve \u0130klim Uyum \u00c7\u00f6z\u00fcmleri (uygun oldu\u011fu durumlarda).<\/li>\n \t<li>Ak\u0131ll\u0131 \u015eehirler ve Altyap\u0131 \u0130zleme (sens\u00f6rler, yap\u0131sal sa\u011fl\u0131k izleme\/SHM, dijital ikizler).<\/li>\n<\/ul>\t\t\t\t\t\t\t\t<\/div>\n\t\t\t\t<\/div>\n\t\t\t\t\t<\/div>\n\t\t<\/div>\n\t\t\t\t\t<\/div>\n\t\t<\/section>\n\t\t\t\t<\/div>","protected":false},"excerpt":{"rendered":"<p>Research Research in the Faculty of Engineering is driven by real-world challenges and shaped through strong collaboration between our departments, [&hellip;]<\/p>","protected":false},"author":1,"featured_media":0,"parent":0,"menu_order":0,"comment_status":"closed","ping_status":"closed","template":"","meta":{"_acf_changed":false,"footnotes":""},"faculty":[],"class_list":["post-6488","page","type-page","status-publish","hentry"],"acf":[],"_links":{"self":[{"href":"https:\/\/eng.ciu.edu.tr\/tr\/wp-json\/wp\/v2\/pages\/6488","targetHints":{"allow":["GET"]}}],"collection":[{"href":"https:\/\/eng.ciu.edu.tr\/tr\/wp-json\/wp\/v2\/pages"}],"about":[{"href":"https:\/\/eng.ciu.edu.tr\/tr\/wp-json\/wp\/v2\/types\/page"}],"author":[{"embeddable":true,"href":"https:\/\/eng.ciu.edu.tr\/tr\/wp-json\/wp\/v2\/users\/1"}],"replies":[{"embeddable":true,"href":"https:\/\/eng.ciu.edu.tr\/tr\/wp-json\/wp\/v2\/comments?post=6488"}],"version-history":[{"count":17,"href":"https:\/\/eng.ciu.edu.tr\/tr\/wp-json\/wp\/v2\/pages\/6488\/revisions"}],"predecessor-version":[{"id":7438,"href":"https:\/\/eng.ciu.edu.tr\/tr\/wp-json\/wp\/v2\/pages\/6488\/revisions\/7438"}],"wp:attachment":[{"href":"https:\/\/eng.ciu.edu.tr\/tr\/wp-json\/wp\/v2\/media?parent=6488"}],"wp:term":[{"taxonomy":"faculty","embeddable":true,"href":"https:\/\/eng.ciu.edu.tr\/tr\/wp-json\/wp\/v2\/faculty?post=6488"}],"curies":[{"name":"wp","href":"https:\/\/api.w.org\/{rel}","templated":true}]}}